{"id":33730,"date":"2023-01-09T11:39:39","date_gmt":"2023-01-09T10:39:39","guid":{"rendered":"http:\/\/emigma2022.razvija.se\/reference-za-pokazat\/"},"modified":"2023-08-17T10:14:49","modified_gmt":"2023-08-17T08:14:49","slug":"our-work","status":"publish","type":"page","link":"https:\/\/emigma.com\/en\/our-work\/","title":{"rendered":"Our work"},"content":{"rendered":"\r\n<article id=\"post-35035\"><img decoding=\"async\" src=\"https:\/\/emigma.com\/wp-content\/uploads\/2023\/06\/2_2-1-1024x1000.jpg\" alt=\"\"> S\u017d Tovorni promet\r\n<h4>Tovorni promet S\u017d website<\/h4>\r\n<p>In addition to presentation content, the website is connected via back-end systems to systems for checking cargo, occupancy and other user-important data.<\/p>\r\n<a href=\"https:\/\/tovorni.sz.si\/\" target=\"_blank\" rel=\"noopener\">Visit website<\/a><\/article>\r\n<article id=\"post-35033\"><img decoding=\"async\" src=\"https:\/\/emigma.com\/wp-content\/uploads\/2023\/06\/eskupnost-1024x1024.jpg\" alt=\"\"> Municipality of Koper\r\n<h4>Municipality of Koper e-community<\/h4>\r\n<p>The backend system combines all local communities and public institutions of the Municipality of Koper into a single platform.<\/p>\r\n<\/article>\r\n<article id=\"post-35031\"><img decoding=\"async\" src=\"https:\/\/emigma.com\/wp-content\/uploads\/2023\/06\/istraconnect-1024x1024.jpg\" alt=\"\"> Municipality of Izola\r\n<h4>Istra Connect Mobile app<\/h4>\r\n<p>The mobile app enables an overview of public transport timetables, an overview of bicycle routes, bicycle garages and many other contents.<\/p>\r\n<\/article>\r\n<article id=\"post-35011\"><img decoding=\"async\" src=\"https:\/\/emigma.com\/wp-content\/uploads\/2023\/06\/NT2_8826-800x1024.jpg\" alt=\"\"> S\u017d Infrastruktura\r\n<h4>Infrastruktura website<\/h4>\r\n<p>Real-time information on the state of the railway infrastructure, planned works and business content for partners.<\/p>\r\n<a href=\"https:\/\/infrastruktura.sz.si\/\" target=\"_blank\" rel=\"noopener\">Visit website<\/a><\/article>\r\n<article id=\"post-35013\"><img decoding=\"async\" src=\"https:\/\/emigma.com\/wp-content\/uploads\/2023\/03\/Mask-Group-48.png\" alt=\"\"> Inspectus\r\n<h4>Ares Inspector mobile app<\/h4>\r\n<p>Mobile application for cargo control, cargo scanning, damage entries, work planning.<\/p>\r\n<\/article>\r\n<article id=\"post-35015\"><img decoding=\"async\" src=\"https:\/\/emigma.com\/wp-content\/uploads\/2023\/06\/komunala_ib-1024x1024.jpg\" alt=\"\"> Komunala Ilirska Bistrica\r\n<h4>Komunala Ilirska Bistrica website<\/h4>\r\n<p>A modern website allows submission of e-applications, notification of network disruptions and all other information.<\/p>\r\n<a href=\"https:\/\/kp-ilb.si\/\" target=\"_blank\" rel=\"noopener\">Visit website<\/a><\/article>\r\n<article id=\"post-35008\"><img decoding=\"async\" src=\"https:\/\/emigma.com\/wp-content\/uploads\/2023\/07\/lipro-1024x962.png\" alt=\"\"> Lipro\r\n<h4>Lipro.Shop online store<\/h4>\r\n<p>The online store is integrated with VASCO backend system and thus enables the execution of orders and the entire purchase in real time. The online store combines more than 500 items and their variations, and is available in 8 different languages.<\/p>\r\n<a href=\"https:\/\/www.lipro.shop\/\" target=\"_blank\" rel=\"noopener\">Visit website<\/a><\/article>\r\n<article id=\"post-35021\"><img decoding=\"async\" src=\"https:\/\/emigma.com\/wp-content\/uploads\/2023\/06\/pmk-1024x1024.jpg\" alt=\"\"> Koper Regional Museum\r\n<h4>Zbirke mobile app<\/h4>\r\n<p>The mobile app combines the collections in a digitized form, which brings the museum material even closer to the user.<\/p>\r\n<\/article>\r\n<article id=\"post-35025\"><img decoding=\"async\" src=\"https:\/\/emigma.com\/wp-content\/uploads\/2023\/06\/marmor2-1024x781.jpg\" alt=\"\"> Marmor Se\u017eana\r\n<h4>Marmor Se\u017eana Website<\/h4>\r\n<p>Corporate website with presentation of stones, references and processing and application options.<\/p>\r\n<a href=\"https:\/\/marmorsezana.com\/\" target=\"_blank\" rel=\"noopener\">Visit website<\/a><\/article>\r\n<article id=\"post-35027\"><img decoding=\"async\" src=\"https:\/\/emigma.com\/wp-content\/uploads\/2023\/03\/emigma_com_bf1b7f779b0503ef987b67741601b612.png\" alt=\"\"> Arriva\r\n<h4>Arriva Slovenija Website<\/h4>\r\n<p>On the website of the largest bus transport provider in Slovenia, you will be able to search for timetables, plan your route, contact the provider, and report a lost item.<\/p>\r\n<a href=\"https:\/\/arriva.si\/\" target=\"_blank\" rel=\"noopener\">Visit website<\/a><\/article>\r\n<article id=\"post-35029\"><img decoding=\"async\" src=\"https:\/\/emigma.com\/wp-content\/uploads\/2023\/06\/Interservice-1024x630.jpg\" alt=\"\"> Interservice Koper\r\n<h4>Interservice Website<\/h4>\r\n<p>The website combines presentation content, the possibility of leasing free capacity in freight transport, booking a consulting meeting.<\/p>\r\n<a href=\"https:\/\/interservice.si\/\" target=\"_blank\" rel=\"noopener\">Visit website<\/a><\/article>\r\n<article id=\"post-35057\"><img decoding=\"async\" src=\"https:\/\/emigma.com\/wp-content\/uploads\/2023\/06\/luka_koper-1024x1024.jpg\" alt=\"\"> Actual IT\r\n<h4>Self-service portal Luka Koper UX Development<\/h4>\r\n<p>The Luke Koper self-service portal combines tools for the work of employees, especially for work at the terminals. We developed the user experience of the entire portal and enabled simple digital processes.<\/p>\r\n<\/article>\r\n<article id=\"post-33767\"><img decoding=\"async\" src=\"https:\/\/emigma.com\/wp-content\/uploads\/2023\/02\/Senozece_07-1024x1024.jpg\" alt=\"\"> Cimos\r\n<h4>Cimos Group website<\/h4>\r\n<p>The new website showcases over 40 years of automotive expertise and cutting-edge solutions.<\/p>\r\n<a href=\"https:\/\/www.cimos.eu\/\" target=\"_blank\" rel=\"noopener\">Visit website<\/a><\/article>\r\n<article id=\"post-35055\"><img decoding=\"async\" src=\"https:\/\/emigma.com\/wp-content\/uploads\/2023\/06\/alples-1024x1024.jpg\" alt=\"\"> Alples\r\n<h4>Alples Website<\/h4>\r\n<p>The largest Slovenian furniture manufacturer presents the entire production program, sales points, advice, ideas and instructions for the home.<\/p>\r\n<a href=\"https:\/\/www.alples.si\/\" target=\"_blank\" rel=\"noopener\">Visit website<\/a><\/article>\r\n<article id=\"post-35053\"><img decoding=\"async\" src=\"https:\/\/emigma.com\/wp-content\/uploads\/2023\/06\/prva.jpg\" alt=\"\"> PRVA insurance company\r\n<h4>Conclusion of insurances UX development<\/h4>\r\n<p>By developing an effective user experience, we made the application for agents even easier and more efficient to work with.<\/p>\r\n<\/article>\r\n<article id=\"post-35051\"><img decoding=\"async\" src=\"https:\/\/emigma.com\/wp-content\/uploads\/2023\/02\/dobrodosli-v-kopru-mestna-obcina-koper.png\" alt=\"\"> Municipality of Koper\r\n<h4>Municipality of Koper Website<\/h4>\r\n<p>The website offers an excellent user experience and great e-services to all target groups.<\/p>\r\n<a href=\"https:\/\/koper.si\" target=\"_blank\" rel=\"noopener\">Visit website<\/a><\/article>\r\n<article id=\"post-35049\"><img decoding=\"async\" src=\"https:\/\/emigma.com\/wp-content\/uploads\/2023\/03\/Mask-Group-99.png\" alt=\"\"> MGRT\r\n<h4>Wayv mobile app<\/h4>\r\n<p>The mobile application unites maritime transport providers and passengers in a single platform.<\/p>\r\n<\/article>\r\n<article id=\"post-35047\"><img decoding=\"async\" src=\"https:\/\/emigma.com\/wp-content\/uploads\/2023\/05\/Mask-Group-120-1.png\" alt=\"\"> MGRT\r\n<h4>Wayv digital campaign<\/h4>\r\n<p>The digital campaign covered target groups in the wider region, 4 countries, and was implemented on social networks, mass media, and Google platforms.<\/p>\r\n<\/article>\r\n<article id=\"post-35045\"><img decoding=\"async\" src=\"https:\/\/emigma.com\/wp-content\/uploads\/2023\/06\/vilaanatai-1024x1024.jpg\" alt=\"\"> Skrap Metal\r\n<h4>Villa Anatai Website<\/h4>\r\n<p>The website presents the holiday home, its location, activities, possibility of booking.<\/p>\r\n<a href=\"https:\/\/villaanatai.com\/\" target=\"_blank\" rel=\"noopener\">Visit website<\/a><\/article>\r\n<article id=\"post-35043\"><img decoding=\"async\" src=\"https:\/\/emigma.com\/wp-content\/uploads\/2023\/03\/Mask-Group-113.png\" alt=\"\"> Actual IT\r\n<h4>Maritime Single Window Malta UX development<\/h4>\r\n<p>We upgraded the comprehensive port service management system with an effective user experience.<\/p>\r\n<\/article>\r\n<article id=\"post-35041\"><img decoding=\"async\" src=\"https:\/\/emigma.com\/wp-content\/uploads\/2023\/06\/Mandrac_EO_po-obnovi-scaled-1-1024x1024.jpg\" alt=\"\"> Komunala Izola\r\n<h4>Komunala Izola Website<\/h4>\r\n<p>The utility company Komunala Izola offers many e-services in the field of applications, forms, parking lots, moorings and much more on the renovated website.<\/p>\r\n<a href=\"https:\/\/www.komunala-izola.si\/\" target=\"_blank\" rel=\"noopener\">Visit website<\/a><\/article>\r\n<article id=\"post-35039\"><img decoding=\"async\" src=\"https:\/\/emigma.com\/wp-content\/uploads\/2023\/03\/Mask-Group-97.png\" alt=\"\"> Insa\r\n<h4>Insa mobile app<\/h4>\r\n<p>The mobile application allows you to view the properties on offer, order information, submit an inquiry, order a viewing.<\/p>\r\n<\/article>\r\n<article id=\"post-35037\"><img decoding=\"async\" src=\"https:\/\/emigma.com\/wp-content\/uploads\/2023\/03\/Mask-Group-110-1.png\" alt=\"\"> Alpetour\r\n<h4>Alpetour website SEO<\/h4>\r\n<p>In terms of optimization, we took care of optimization of code, image material, optimization with Google Console, new entries and other activities.<\/p>\r\n<\/article>\r\n<article id=\"post-35087\"><img decoding=\"async\" src=\"https:\/\/emigma.com\/wp-content\/uploads\/2023\/06\/ijpp-1024x1024.jpg\" alt=\"\"> Slovenian Railways\r\n<h4>IJPP UX development<\/h4>\r\n<p>We developed the user experience for the web portal of the Integrated Public Passenger Transport of Slovenia. We paid special attention to the mobile solution.<\/p>\r\n<\/article>\r\n<article id=\"post-35085\"><img decoding=\"async\" src=\"https:\/\/emigma.com\/wp-content\/uploads\/2023\/03\/Mask-Group-98.png\" alt=\"\"> Slovenian Maritime Administration\r\n<h4>NAVOS mobile app<\/h4>\r\n<p>The mobile application intended for safe navigation allows you to view nautical charts, moorings, navigation rules, weather forecast. An emergency call is also enabled, which is connected to the notification center.<\/p>\r\n<\/article>\r\n<article id=\"post-35083\"><img decoding=\"async\" src=\"https:\/\/emigma.com\/wp-content\/uploads\/2023\/03\/Mask-Group-117.png\" alt=\"\"> DCAF Ljubljana\r\n<h4>DCAF e-learning portal<\/h4>\r\n<p>An online course aimed at educating about contemporary violent phenomena that can lead to violent extremism or terrorism, with a special focus on the Western Balkans region.<\/p>\r\n<\/article>\r\n<article id=\"post-35080\"><img decoding=\"async\" src=\"https:\/\/emigma.com\/wp-content\/uploads\/2023\/03\/Mask-Group-106.png\" alt=\"\"> TPG Express\r\n<h4>TPG B2B portal<\/h4>\r\n<p>The back-end system is intended for the announcement, tracking and shipment of cargo, as well as the digitization of many logistics processes of the company.<\/p>\r\n<\/article>\r\n<article id=\"post-35078\"><img decoding=\"async\" src=\"https:\/\/emigma.com\/wp-content\/uploads\/2023\/03\/IMG-7954-1024x1024.jpg\" alt=\"\"> Inspectus\r\n<h4>Cargo control system in maritime traffic<\/h4>\r\n<p>The platform combines a back-end system, a portal for subscribers, a mobile application, a comprehensive system for carrying out cargo control orders in maritime transport.<\/p>\r\n<\/article>\r\n<article id=\"post-35076\"><img decoding=\"async\" src=\"https:\/\/emigma.com\/wp-content\/uploads\/2023\/03\/Mask-Group-103.png\" alt=\"\"> Slovenske \u017eeleznice\r\n<h4>E-forms managing platform<\/h4>\r\n<p>The online platform combines the review of applications for recruitment, sponsorships and donations and other e-forms. The online platform provides a quick and easy way for subsequent decision-makers from various fields.<\/p>\r\n<\/article>\r\n<article id=\"post-35074\"><img decoding=\"async\" src=\"https:\/\/emigma.com\/wp-content\/uploads\/2023\/03\/zelene_finance-525x360-1.jpg\" alt=\"\"> Fit Media\r\n<h4>Zelena Slovenija Website<\/h4>\r\n<p>The website combines environmental protection content, the academy, courses and workshops, an online magazine, networking of various stakeholders in closed pages.<\/p>\r\n<a href=\"https:\/\/zelenaslovenija.si\/\" target=\"_blank\" rel=\"noopener\">Visit website<\/a><\/article>\r\n<article id=\"post-35071\"><img decoding=\"async\" src=\"https:\/\/emigma.com\/wp-content\/uploads\/2023\/06\/LukaKoper_PD23-8-1024x1024.jpg\" alt=\"\"> Port of Koper\r\n<h4>Port of Koper online newspaper<\/h4>\r\n<p>The official newspaper of the Port of Koper has become a modern interactive online medium. It is divided into a public and a closed part, which enables the display of customized content for different target groups.<\/p>\r\n<a href=\"https:\/\/www.luskiglasnik.si\/\" target=\"_blank\" rel=\"noopener\">Visit website<\/a><\/article>\r\n<article id=\"post-35069\"><img decoding=\"async\" src=\"https:\/\/emigma.com\/wp-content\/uploads\/2023\/03\/Mask-Group-101.png\" alt=\"\"> Tintter\r\n<h4>Tintter mobile app<\/h4>\r\n<p>The mobile application enables tracking of the company\u2019s cargo, quick communication and all other important information.<\/p>\r\n<\/article>\r\n<article id=\"post-35067\"><img decoding=\"async\" src=\"https:\/\/emigma.com\/wp-content\/uploads\/2023\/02\/lipro-1024x1024.jpg\" alt=\"\"> Lipro\r\n<h4>Lipro Website<\/h4>\r\n<p>The product-oriented website allows you to review products and services, order technical catalogs, and submit structured inquiries. The website is also being upgraded by the online store connected to the customer\u2019s backend system.<\/p>\r\n<a href=\"https:\/\/www.lipro.pro\" target=\"_blank\" rel=\"noopener\">Visit website<\/a><\/article>\r\n<article id=\"post-35065\"><img decoding=\"async\" src=\"https:\/\/emigma.com\/wp-content\/uploads\/2023\/03\/IMG-7950-1024x1024.jpg\" alt=\"\"> Temva\r\n<h4>Snek mobile app<\/h4>\r\n<p>Snek combines the catering offer of several restaurants, enables the collection of loyalty points, discounts, displays promotions and notifies users with push messages.<\/p>\r\n<\/article>\r\n<article id=\"post-33769\"><img decoding=\"async\" src=\"https:\/\/emigma.com\/wp-content\/uploads\/2023\/01\/alpetour-nasa-potovalna-agencija.png\" alt=\"\"> Alpetour\r\n<h4>Alpetour Travel Agency Website<\/h4>\r\n<p>Spletno mesto omogo\u010da ogled, rezervacijo in neposredni nakup turisti\u010dnih aran\u017emajev. Omogo\u010den je tudi nakup darilnih bonov in oddajo povpra\u0161evanja za \u0161olske izlete.<\/p>\r\n<a href=\"https:\/\/alpetour.si\/\" target=\"_blank\" rel=\"noopener\">Visit website<\/a><\/article>\r\n<article id=\"post-35063\"><img decoding=\"async\" src=\"https:\/\/emigma.com\/wp-content\/uploads\/2023\/03\/Mask-Group-104-2.png\" alt=\"\"> Arriva\r\n<h4>Arriva Website SEO<\/h4>\r\n<p>On-site optimization was carried out, we redirected links in accordance with user goals, optimized the operation of the search engine and mobile display.<\/p>\r\n<\/article>\r\n<article id=\"post-33772\"><img decoding=\"async\" src=\"https:\/\/emigma.com\/wp-content\/uploads\/2023\/01\/varujemo-in-ohranjamo-zdravje-zd-ilirska-bistrica.png\" alt=\"\"> Health center Ilirska Bistrica\r\n<h4>Health center Ilirska Bistrica Website<\/h4>\r\n<p>The renovation of the website also included the preparation and optimization of content, the implementation of online ordering of reviews.<\/p>\r\n<a href=\"https:\/\/zdib.si\/\" target=\"_blank\" rel=\"noopener\">Visit website<\/a><\/article>\r\n<article id=\"post-35059\"><img decoding=\"async\" src=\"https:\/\/emigma.com\/wp-content\/uploads\/2023\/03\/Mask-Group-108-1.png\" alt=\"\"> Alples\r\n<h4>Alples Website SEO<\/h4>\r\n<p>The optimization of the website was carried out in several phases, both on-site and off-site. With the help of Google tools, we also enabled the website to have a much better rating.<\/p>\r\n<\/article>\r\n<article id=\"post-33774\"><img decoding=\"async\" src=\"https:\/\/emigma.com\/wp-content\/uploads\/2023\/02\/zelezniska-mobilnost-in-celovite-logisticne-resitve-slovenske-zelenice.png\" alt=\"\"> Slovenian Railways\r\n<h4>Slovenian Railways Company Website<\/h4>\r\n<p>The corporate website of the Slovenska \u017eeleznice Group connects all the companies in the group, provides an overview of employment opportunities, and the possibility of submitting various e-applications.<\/p>\r\n<a href=\"https:\/\/www.sz.si\/\" target=\"_blank\" rel=\"noopener\">Visit website<\/a><\/article>\r\n<article id=\"post-33810\"><img decoding=\"async\" src=\"https:\/\/emigma.com\/wp-content\/uploads\/2023\/02\/nase-okno-v-svet-luka-koper.png\" alt=\"\"> Port of Koper\r\n<h4>Port of Koper Website<\/h4>\r\n<p>In addition to corporate content, the website provides useful content and tools for various target groups. Announcing ships, working at terminals, obtaining permits and much more.<\/p>\r\n<a href=\"https:\/\/www.luka-kp.si\/\" target=\"_blank\" rel=\"noopener\">Visit website<\/a><\/article>\r\n<article id=\"post-35091\"><img decoding=\"async\" src=\"https:\/\/emigma.com\/wp-content\/uploads\/2023\/02\/sport-je-doma-v-kopru-javni-zavod-za-sportk-mok.png\" alt=\"\"> Koper Public Sports Institute\r\n<h4>Koper Public Sports Institute Website<\/h4>\r\n<p>On the website, it is possible to view and reserve sports facilities in the Municipality of Koper. Sports events and the calendar of all events on the sports infrastructure are also published.<\/p>\r\n<a href=\"https:\/\/sportkoper.si\/\" target=\"_blank\" rel=\"noopener\">Visit website<\/a><\/article>\r\n<article id=\"post-35093\"><img decoding=\"async\" src=\"https:\/\/emigma.com\/wp-content\/uploads\/2023\/02\/zanesljiva-nepremicninska-druzba-insa-nepremicnine.png\" alt=\"\"> Insa real estate\r\n<h4>Insa real estate company website<\/h4>\r\n<p>The website of the real estate agency Insa shows available properties, an overview of sold ones, the possibility of ordering information, inquiries and other real estate services.<\/p>\r\n<a href=\"https:\/\/www.insa.si\/\" target=\"_blank\" rel=\"noopener\">Visit website<\/a><\/article>\r\n<article id=\"post-35095\"><img decoding=\"async\" src=\"https:\/\/emigma.com\/wp-content\/uploads\/2023\/02\/zato-delujejo-vzmeti-lipnik.png\" alt=\"\"> Lipnik Springs\r\n<h4>Lipnik Springs Website<\/h4>\r\n<p>The product website presents a wide range of spring applications. The website is also being upgraded by the B2B online store and the closed pages of the Knowledge Portal.<\/p>\r\n<a href=\"https:\/\/www.vzmeti-lipnik.si\/\" target=\"_blank\" rel=\"noopener\">Visit website<\/a><\/article>\r\n<article id=\"post-35098\"><img decoding=\"async\" src=\"https:\/\/emigma.com\/wp-content\/uploads\/2022\/03\/Vrtnarija_07072016@VojkoRotar-2851-1024x1024.jpg\" alt=\"\"> Marjetica Koper\r\n<h4>Koper Utility company Website<\/h4>\r\n<p>The website allows for quick information retrieval, submission of e-applications, inspection of parking lots, inspection of funerals, order of stand, registration of mooring, inspection of ecological island locations.<\/p>\r\n<a href=\"https:\/\/www.marjeticakoper.si\/\" target=\"_blank\" rel=\"noopener\">Visit website<\/a><\/article>\r\n<article id=\"post-35100\"><img decoding=\"async\" src=\"https:\/\/emigma.com\/wp-content\/uploads\/2021\/05\/www_emigma_com_49cb1565a4e007839cd067977cfe738b.png\" alt=\"\"> Coastal Cancer Society\r\n<h4>The Coast Against Cancer website<\/h4>\r\n<p>The website of the Coastal Society for the Fight against Cancer is intended to publish current information and news, suggestions and advice.<\/p>\r\n<a href=\"http:\/\/www.obalaprotiraku.si\" target=\"_blank\" rel=\"noopener\">Visit website<\/a><\/article>\r\n<article id=\"post-35102\"><img decoding=\"async\" src=\"https:\/\/emigma.com\/wp-content\/uploads\/2021\/05\/www_emigma_com_dded9c95715967de3e1960e467664030.png\" alt=\"\"> Team Commerce\r\n<h4>Team Commerce website<\/h4>\r\n<p>The website offers the possibility of submitting inquiries and orders for catering equipment for professional kitchens, ordering service, submitting complaints.<\/p>\r\n<a href=\"http:\/\/www.team-commerce.si\" target=\"_blank\" rel=\"noopener\">Visit website<\/a><\/article>\r\n<article id=\"post-35104\"><img decoding=\"async\" src=\"https:\/\/emigma.com\/wp-content\/uploads\/2023\/02\/www_emigma_com_0bde5047fdb775f397454db6cb4db0f2.png\" alt=\"\"> V&amp;KL Dental Rotor\r\n<h4>VKL Dental Turbines online store<\/h4>\r\n<p>The online store intended for dentists and dental equipment repairers enables a quick purchase with adjusted prices according to the target group.<\/p>\r\n<a href=\"https:\/\/www.vkl-dentalturbines.com\/\" target=\"_blank\" rel=\"noopener\">Visit website<\/a><\/article>\r\n<article id=\"post-35106\"><img decoding=\"async\" src=\"https:\/\/emigma.com\/wp-content\/uploads\/2023\/02\/www_emigma_com_54960bb931de20870f142bc9de17e910.png\" alt=\"\"> Petar Gra\u0161o\r\n<h4>Petar Gra\u0161o website<\/h4>\r\n<p>On the website of one of the most popular singers in our area, we publish discography, news, and concert announcements.<\/p>\r\n<a href=\"https:\/\/petargraso.com\/\" target=\"_blank\" rel=\"noopener\">Visit website<\/a><\/article>\r\n<article id=\"post-35108\"><img decoding=\"async\" src=\"https:\/\/emigma.com\/wp-content\/uploads\/2020\/07\/www_emigma_com_974e316039cb6eb8add96ccfd5b64cc7.png\" alt=\"\"> Komunala Izola\r\n<h4>Reuse Center website<\/h4>\r\n<p>The website allows you to rent products, buy, participate in the project on several levels. It is also possible to sign up for notifications and news.<\/p>\r\n<a href=\"https:\/\/ponovnouporabi.si\/\" target=\"_blank\" rel=\"noopener\">Visit website<\/a><\/article>\r\n<article id=\"post-35110\"><img decoding=\"async\" src=\"https:\/\/emigma.com\/wp-content\/uploads\/2020\/07\/i-dM8vfs3-X3-760x760-1.jpg\" alt=\"\"> Slovenian Railways\r\n<h4>Slovenian Railways Passengers Website<\/h4>\r\n<p>The website for all rail passengers allows you to find timetables, buy tickets, check delays, check train location in real time and more and more.<\/p>\r\n<a href=\"https:\/\/potniski.sz.si\/\" target=\"_blank\" rel=\"noopener\">Visit website<\/a><\/article>\r\n<article id=\"post-35112\"><img decoding=\"async\" src=\"https:\/\/emigma.com\/wp-content\/uploads\/2023\/03\/Mask-Group-112.png\" alt=\"\"> Triglav zdravstvena\r\n<h4>Triglav Zdravstvena digital advertising<\/h4>\r\n<p>The digital campaign for the conclusion of supplementary insurance was carried out on mass media and social networks.<\/p>\r\n<\/article>\r\n<article id=\"post-35114\"><img decoding=\"async\" src=\"https:\/\/emigma.com\/wp-content\/uploads\/2023\/03\/Screenshot-2023-03-21-at-16.06.14-1024x500.png\" alt=\"\"> Ministry of Public Administration\r\n<h4>Krpan information system UX development<\/h4>\r\n<\/article>\r\n<article id=\"post-35089\"><img decoding=\"async\" src=\"https:\/\/emigma.com\/wp-content\/uploads\/2023\/03\/Mask-Group-116.png\" alt=\"\"> Cimos\r\n<h4>Cimos Group Intranet<\/h4>\r\n<p>The intranet portal unites employees in all locations and enables unified access to documentation, work applications and group notifications.<\/p>\r\n<\/article>\r\n<p><img decoding=\"async\" title=\"top\" src=\"https:\/\/emigma.com\/wp-content\/uploads\/2023\/01\/top.svg\" alt=\"top\" \/> <img loading=\"lazy\" decoding=\"async\" title=\"Group 1234\" src=\"https:\/\/emigma.com\/wp-content\/uploads\/2023\/01\/Group-1234.png\" alt=\"Group 1234\" width=\"530\" height=\"292\" \/><\/p>\r\n<h2>THE UNIQUE<\/h2>\r\n<h1>APPROACH<\/h1>\r\n<h1>WE USE<\/h1>\r\n<p>Each project is unique, as are unique people, their preferences and habits. Our work concept enables us to implement digital projects from start to finish, comprehensively.<\/p>\r\n<p><a href=\"https:\/\/emigma.com\/en\/approach\/\" target=\"_self\" rel=\"noopener\"> DISCOVER THE APPROACH <\/a> <a href=\"#footer\" target=\"_self\" rel=\"noopener\"> Write us <\/a> <img decoding=\"async\" title=\"Path 2711\" src=\"https:\/\/emigma.com\/wp-content\/uploads\/2023\/01\/Path-2711.svg\" alt=\"Path 2711\" \/><\/p>\r\n<h2>CLIENTS<\/h2>\r\n<h1>TRUST US<\/h1>\r\n<p>We enter into long-term partnerships with our clients, which enable an excellent understanding of the business model and needs. We work in all industries, large and small systems, as well as in public administration.<\/p>\r\n<p><img decoding=\"async\" src=\"https:\/\/emigma.com\/wp-content\/uploads\/2023\/01\/Group-545.svg\" alt=\"\"><\/p>\r\n<p><a href=\"https:\/\/arriva.si\/\" target=\"_blank\" rel=\"noopener\"><img decoding=\"async\" src=\"https:\/\/emigma.com\/wp-content\/uploads\/2023\/01\/svgexport-1-1.svg\" alt=\"\"><\/a><\/p>\r\n<p><a href=\"https:\/\/potniski.sz.si\/\" target=\"_blank\" rel=\"noopener\"><img loading=\"lazy\" decoding=\"async\" src=\"https:\/\/emigma.com\/wp-content\/uploads\/2023\/01\/svgexport-3.svg\" alt=\"\" width=\"239\" height=\"26\"><\/a><\/p>\r\n<p><a href=\"https:\/\/alples.si\/\" target=\"_blank\" rel=\"noopener\"><img decoding=\"async\" src=\"https:\/\/emigma.com\/wp-content\/uploads\/2023\/01\/Group-368.svg\" alt=\"\"><\/a><\/p>\r\n<p><a href=\"https:\/\/www.actual-it.si\/\" target=\"_blank\" rel=\"noopener\"><img decoding=\"async\" src=\"https:\/\/emigma.com\/wp-content\/uploads\/2023\/01\/actual-it-logo.svg\" alt=\"\"><\/a><\/p>\r\n<p><a href=\"https:\/\/www.marjeticakoper.si\/\" target=\"_blank\" rel=\"noopener\"><img decoding=\"async\" src=\"https:\/\/emigma.com\/wp-content\/uploads\/2023\/03\/marjetica-nov.svg\" alt=\"\"><\/a><\/p>\r\n<p><a href=\"https:\/\/petargraso.com\/\" target=\"_blank\" rel=\"noopener\"><img decoding=\"async\" src=\"https:\/\/emigma.com\/wp-content\/uploads\/2023\/01\/podpis.svg\" alt=\"\"><\/a><\/p>\r\n<p><a href=\"https:\/\/www.koper.si\/\" target=\"_blank\" rel=\"noopener\"><img loading=\"lazy\" decoding=\"async\" src=\"https:\/\/emigma.com\/wp-content\/uploads\/2023\/01\/logo_mok.svg\" alt=\"\" width=\"278\" height=\"49\"><\/a><\/p>\r\n<p><a href=\"https:\/\/emigma.com\/en\/our-work\/\" target=\"_self\" rel=\"noopener\"> Check PORTFOLIO <\/a> <a href=\"#footer\" target=\"_self\" rel=\"noopener\"> Write us <\/a><\/p>\r\n","protected":false},"excerpt":{"rendered":"<p>A vast range of innovative top-notch solutions tailored to all kinds of users to create the best user experience.<\/p>\n","protected":false},"author":5,"featured_media":33656,"parent":0,"menu_order":0,"comment_status":"closed","ping_status":"closed","template":"","meta":{"_acf_changed":false,"footnotes":""},"class_list":["post-33730","page","type-page","status-publish","has-post-thumbnail","hentry"],"acf":[],"_links":{"self":[{"href":"https:\/\/emigma.com\/en\/wp-json\/wp\/v2\/pages\/33730","targetHints":{"allow":["GET"]}}],"collection":[{"href":"https:\/\/emigma.com\/en\/wp-json\/wp\/v2\/pages"}],"about":[{"href":"https:\/\/emigma.com\/en\/wp-json\/wp\/v2\/types\/page"}],"author":[{"embeddable":true,"href":"https:\/\/emigma.com\/en\/wp-json\/wp\/v2\/users\/5"}],"replies":[{"embeddable":true,"href":"https:\/\/emigma.com\/en\/wp-json\/wp\/v2\/comments?post=33730"}],"version-history":[{"count":0,"href":"https:\/\/emigma.com\/en\/wp-json\/wp\/v2\/pages\/33730\/revisions"}],"wp:featuredmedia":[{"embeddable":true,"href":"https:\/\/emigma.com\/en\/wp-json\/wp\/v2\/media\/33656"}],"wp:attachment":[{"href":"https:\/\/emigma.com\/en\/wp-json\/wp\/v2\/media?parent=33730"}],"curies":[{"name":"wp","href":"https:\/\/api.w.org\/{rel}","templated":true}]}}